{"id":1020,"date":"2022-09-19T13:46:13","date_gmt":"2022-09-19T12:46:13","guid":{"rendered":"https:\/\/demosites.royal-elementor-addons.com\/travel-agency-v1\/?page_id=1020"},"modified":"2024-05-22T14:16:03","modified_gmt":"2024-05-22T13:16:03","slug":"water-sports-camps-in-essaouira","status":"publish","type":"page","link":"https:\/\/naneakite.com\/fr\/camps-de-sports-nautiques-a-essaouira\/","title":{"rendered":"Kitesurf Camps in Essaouira Morocco"},"content":{"rendered":"","protected":false},"excerpt":{"rendered":"","protected":false},"author":1,"featured_media":0,"parent":0,"menu_order":0,"comment_status":"closed","ping_status":"closed","template":"","meta":{"footnotes":""},"class_list":["post-1020","page","type-page","status-publish","hentry"],"yoast_head":"<!-- This site is optimized with the Yoast SEO plugin v27.3 - https:\/\/yoast.com\/product\/yoast-seo-wordpress\/ -->\n<title>Kitesurf Camps in Essaouira Morocco - NaneaKite Morocco<\/title>\n<meta name=\"description\" content=\"NaneaKite offers surf and kitesurf camps in Essaouira Morocco for all skill levels. Book a unforgettable surfing trip today with us\" \/>\n<meta name=\"robots\" content=\"index, follow, max-snippet:-1, max-image-preview:large, max-video-preview:-1\" \/>\n<link rel=\"canonical\" href=\"https:\/\/naneakite.com\/fr\/camps-de-sports-nautiques-a-essaouira\/\" \/>\n<meta property=\"og:locale\" content=\"fr_FR\" \/>\n<meta property=\"og:type\" content=\"article\" \/>\n<meta property=\"og:title\" content=\"Kitesurf Camps in Essaouira Morocco - NaneaKite Morocco\" \/>\n<meta property=\"og:description\" content=\"NaneaKite offers surf and kitesurf camps in Essaouira Morocco for all skill levels. Book a unforgettable surfing trip today with us\" \/>\n<meta property=\"og:url\" content=\"https:\/\/naneakite.com\/fr\/camps-de-sports-nautiques-a-essaouira\/\" \/>\n<meta property=\"og:site_name\" content=\"NaneaKite Morocco\" \/>\n<meta property=\"article:publisher\" content=\"https:\/\/www.facebook.com\/naneakite\" \/>\n<meta property=\"article:modified_time\" content=\"2024-05-22T13:16:03+00:00\" \/>\n<meta name=\"twitter:card\" content=\"summary_large_image\" \/>\n<!-- \/ Yoast SEO plugin. -->","yoast_head_json":{"title":"Camps de Kitesurf \u00e0 Essaouira Maroc - NaneaKite Maroc","description":"NaneaKite propose des camps de surf et de kitesurf \u00e0 Essaouira au Maroc pour tous les niveaux. R\u00e9servez un voyage de surf inoubliable aujourd'hui avec nous","robots":{"index":"index","follow":"follow","max-snippet":"max-snippet:-1","max-image-preview":"max-image-preview:large","max-video-preview":"max-video-preview:-1"},"canonical":"https:\/\/naneakite.com\/fr\/camps-de-sports-nautiques-a-essaouira\/","og_locale":"fr_FR","og_type":"article","og_title":"Kitesurf Camps in Essaouira Morocco - NaneaKite Morocco","og_description":"NaneaKite offers surf and kitesurf camps in Essaouira Morocco for all skill levels. Book a unforgettable surfing trip today with us","og_url":"https:\/\/naneakite.com\/fr\/camps-de-sports-nautiques-a-essaouira\/","og_site_name":"NaneaKite Morocco","article_publisher":"https:\/\/www.facebook.com\/naneakite","article_modified_time":"2024-05-22T13:16:03+00:00","twitter_card":"summary_large_image","schema":{"@context":"https:\/\/schema.org","@graph":[{"@type":"WebPage","@id":"https:\/\/naneakite.com\/water-sports-camps-in-essaouira\/","url":"https:\/\/naneakite.com\/water-sports-camps-in-essaouira\/","name":"Camps de Kitesurf \u00e0 Essaouira Maroc - NaneaKite Maroc","isPartOf":{"@id":"https:\/\/naneakite.com\/#website"},"datePublished":"2022-09-19T12:46:13+00:00","dateModified":"2024-05-22T13:16:03+00:00","description":"NaneaKite propose des camps de surf et de kitesurf \u00e0 Essaouira au Maroc pour tous les niveaux. R\u00e9servez un voyage de surf inoubliable aujourd'hui avec nous","breadcrumb":{"@id":"https:\/\/naneakite.com\/water-sports-camps-in-essaouira\/#breadcrumb"},"inLanguage":"fr-FR","potentialAction":[{"@type":"ReadAction","target":["https:\/\/naneakite.com\/water-sports-camps-in-essaouira\/"]}]},{"@type":"BreadcrumbList","@id":"https:\/\/naneakite.com\/water-sports-camps-in-essaouira\/#breadcrumb","itemListElement":[{"@type":"ListItem","position":1,"name":"Home","item":"https:\/\/naneakite.com\/"},{"@type":"ListItem","position":2,"name":"Kitesurf Camps in Essaouira Morocco"}]},{"@type":"WebSite","@id":"https:\/\/naneakite.com\/#website","url":"https:\/\/naneakite.com\/","name":"NaneaKite Maroc","description":"Kitesurf and surf School in Essaouira","publisher":{"@id":"https:\/\/naneakite.com\/#organization"},"potentialAction":[{"@type":"SearchAction","target":{"@type":"EntryPoint","urlTemplate":"https:\/\/naneakite.com\/?s={search_term_string}"},"query-input":{"@type":"PropertyValueSpecification","valueRequired":true,"valueName":"search_term_string"}}],"inLanguage":"fr-FR"},{"@type":"Organization","@id":"https:\/\/naneakite.com\/#organization","name":"NaneaKite Maroc","url":"https:\/\/naneakite.com\/","logo":{"@type":"ImageObject","inLanguage":"fr-FR","@id":"https:\/\/naneakite.com\/#\/schema\/logo\/image\/","url":"https:\/\/naneakite.com\/wp-content\/uploads\/2022\/09\/png-logo_Plan-de-travail-1-copie_adobe_express.svg","contentUrl":"https:\/\/naneakite.com\/wp-content\/uploads\/2022\/09\/png-logo_Plan-de-travail-1-copie_adobe_express.svg","width":100,"height":5692,"caption":"NaneaKite Morocco"},"image":{"@id":"https:\/\/naneakite.com\/#\/schema\/logo\/image\/"},"sameAs":["https:\/\/www.facebook.com\/naneakite","https:\/\/www.instagram.com\/naneakite\/"]}]}},"_links":{"self":[{"href":"https:\/\/naneakite.com\/fr\/wp-json\/wp\/v2\/pages\/1020","targetHints":{"allow":["GET"]}}],"collection":[{"href":"https:\/\/naneakite.com\/fr\/wp-json\/wp\/v2\/pages"}],"about":[{"href":"https:\/\/naneakite.com\/fr\/wp-json\/wp\/v2\/types\/page"}],"author":[{"embeddable":true,"href":"https:\/\/naneakite.com\/fr\/wp-json\/wp\/v2\/users\/1"}],"replies":[{"embeddable":true,"href":"https:\/\/naneakite.com\/fr\/wp-json\/wp\/v2\/comments?post=1020"}],"version-history":[{"count":4,"href":"https:\/\/naneakite.com\/fr\/wp-json\/wp\/v2\/pages\/1020\/revisions"}],"predecessor-version":[{"id":5392,"href":"https:\/\/naneakite.com\/fr\/wp-json\/wp\/v2\/pages\/1020\/revisions\/5392"}],"wp:attachment":[{"href":"https:\/\/naneakite.com\/fr\/wp-json\/wp\/v2\/media?parent=1020"}],"curies":[{"name":"wp","href":"https:\/\/api.w.org\/{rel}","templated":true}]}}